{"id":1532,"date":"2022-03-02T16:34:36","date_gmt":"2022-03-02T16:34:36","guid":{"rendered":"https:\/\/www.valbruna.ch\/?page_id=1532"},"modified":"2025-04-23T06:44:27","modified_gmt":"2025-04-23T06:44:27","slug":"jobs","status":"publish","type":"page","link":"https:\/\/www.valbruna.ch\/de\/jobs\/","title":{"rendered":"JOBS"},"content":{"rendered":"<p class=\"p1\">Offene Stellen<\/p>\n<p class=\"p1\">Gebietsverantwortliche(r) Aussendienst-Verk\u00e4ufer(in) f\u00fcr Edelstahllangprodukte<\/p>\n<p class=\"p1\">F\u00fcr unsere Niederlassungen in Bargen suchen wir zum n\u00e4chstm\u00f6glichen Zeitpunkt eine(n) Aussendienstvertriebsmitarbeiter(in), mit mehrj\u00e4hriger<\/p>\n<p class=\"p1\">Berufserfahrung im Vertrieb von Edelstahlprodukten.<\/p>\n<p class=\"p1\">Die Position ist ortsgebunden (Ostschweiz) und mit ausreichendem Freiraum ausgestattet, um ein regionales Verkaufsgebiet zu betreuen und weiter auszubauen. Unterst\u00fctzt von einer international und national etablierten Vertriebsorganisation, mit der M\u00f6glichkeit ein sehr breites<\/p>\n<p class=\"p1\">Langproduktprogramm aus Neufertigung und umfangreichen Vorr\u00e4ten zu vertreiben.<\/p>\n<p class=\"p1\">Das Produktportfolio umfasst:<\/p>\n<p class=\"p1\">Stabstahl, Blankstahl<\/p>\n<p class=\"p1\">:Rund-\/Flach-\/Vierkant-\/Sechskant-\/Winkelprofile<\/p>\n<p class=\"p1\">ca. 700 Edelstahlwerkstoffe und Nickellegierungen<\/p>\n<p class=\"p1\">Valbruna AG ist die schweizerische Vertriebsgesellschaft eines international t\u00e4tigen,<\/p>\n<p class=\"p1\">familiengef\u00fchrten Edelstahlproduzenten mit mehreren Werken, 40 Niederlassungen\/L\u00e4gern und 2.500 Mitarbeitern.<\/p>\n<p class=\"p1\">Wenn Sie Interesse an einer verantwortungvollen Aufgabe haben, Verkauf Ihre Passion ist und Sie gerne etwas aufbauen m\u00f6chten, dann sollten wir uns kennenlernen? Ihre Bewerbung senden Sie bitte an folgende Adresse:<\/p>\n<p class=\"p1\"><a href=\"mailto:personal@valbruna.ch\">personal@valbruna.ch<\/a><\/p>\n<p class=\"p1\">oder<\/p>\n<p class=\"p1\">Valbruna AG<\/p>\n<p class=\"p1\">Personalabteilung<\/p>\n<p class=\"p1\"><span style=\"font-size: revert; color: initial; font-family: -apple-system, BlinkMacSystemFont, 'Segoe UI', Roboto, Oxygen-Sans, Ubuntu, Cantarell, 'Helvetica Neue', sans-serif;\">Neunburgstrasse 54<\/span><\/p>\n<p class=\"p1\">3282 Bargen<\/p>\n","protected":false},"excerpt":{"rendered":"<p>Offene Stellen Gebietsverantwortliche(r) Aussendienst-Verk\u00e4ufer(in) f\u00fcr Edelstahllangprodukte F\u00fcr unsere Niederlassungen in [&hellip;]<\/p>\n","protected":false},"author":1,"featured_media":1541,"parent":0,"menu_order":0,"comment_status":"closed","ping_status":"closed","template":"template-content.php","meta":{"_acf_changed":false,"footnotes":""},"class_list":["post-1532","page","type-page","status-publish","has-post-thumbnail","hentry"],"acf":[],"_links":{"self":[{"href":"https:\/\/www.valbruna.ch\/de\/wp-json\/wp\/v2\/pages\/1532","targetHints":{"allow":["GET"]}}],"collection":[{"href":"https:\/\/www.valbruna.ch\/de\/wp-json\/wp\/v2\/pages"}],"about":[{"href":"https:\/\/www.valbruna.ch\/de\/wp-json\/wp\/v2\/types\/page"}],"author":[{"embeddable":true,"href":"https:\/\/www.valbruna.ch\/de\/wp-json\/wp\/v2\/users\/1"}],"replies":[{"embeddable":true,"href":"https:\/\/www.valbruna.ch\/de\/wp-json\/wp\/v2\/comments?post=1532"}],"version-history":[{"count":6,"href":"https:\/\/www.valbruna.ch\/de\/wp-json\/wp\/v2\/pages\/1532\/revisions"}],"predecessor-version":[{"id":1726,"href":"https:\/\/www.valbruna.ch\/de\/wp-json\/wp\/v2\/pages\/1532\/revisions\/1726"}],"wp:featuredmedia":[{"embeddable":true,"href":"https:\/\/www.valbruna.ch\/de\/wp-json\/wp\/v2\/media\/1541"}],"wp:attachment":[{"href":"https:\/\/www.valbruna.ch\/de\/wp-json\/wp\/v2\/media?parent=1532"}],"curies":[{"name":"wp","href":"https:\/\/api.w.org\/{rel}","templated":true}]}}