{"id":1565,"date":"2022-03-02T16:34:36","date_gmt":"2022-03-02T16:34:36","guid":{"rendered":"https:\/\/www.valbruna.ch\/jobs\/"},"modified":"2023-06-23T09:54:50","modified_gmt":"2023-06-23T09:54:50","slug":"jobs","status":"publish","type":"page","link":"https:\/\/www.valbruna.ch\/fr\/jobs\/","title":{"rendered":"JOBS"},"content":{"rendered":"<p>Commercial(e) en service interne et externe<br \/>\nPour nos succursales de Bargen nous recherchons aujourd&rsquo;hui pour une entr\u00e9e prochaine un service<br \/>\ninterne 40-50 % bureau Bargen b\/Aarberg et service externe 60-50 % canton de Berne, Granges,<br \/>\ncanton du Jura et Suisse romande<\/p>\n<p>Vous apportez:<\/p>\n<ul>\n<li>des connaissances commerciales de base<\/li>\n<li>talent de vendeur avec une orientation client marqu\u00e9e<\/li>\n<li>de pr\u00e9f\u00e9rence, activit\u00e9 ant\u00e9rieure dans le commerce de l&rsquo;acier et des m\u00e9taux<\/li>\n<li>bilingue allemand\/fran\u00e7ais \u00e0 l&rsquo;oral et \u00e0 l&rsquo;\u00e9crit<\/li>\n<\/ul>\n<p>Domicile jusqu&rsquo;\u00e0 30 &#8211; 40 km au maximum dans un rayon de notre si\u00e8ge principal.<\/p>\n<p>Notre offre:<\/p>\n<ul>\n<li>Nous proposons un travail \u00e0 responsabilit\u00e9, vari\u00e9 et passionnant.<\/li>\n<li>une introduction soigneuse dans le domaine d&rsquo;activit\u00e9 int\u00e9ressant du service interne et<br \/>\nexterne est pour nous une \u00e9vidence<\/li>\n<li>des conditions d&#8217;emploi progressistes et de bonnes prestations sociales<\/li>\n<\/ul>\n<p>Valbruna AG est la soci\u00e9t\u00e9 de distribution suisse d&rsquo;un groupe international, producteur familial<br \/>\nd&rsquo;acier inoxydable avec plusieurs usines, 42 succursales\/entrep\u00f4ts et 2.700 collaborateurs.<br \/>\nSi vous \u00eates int\u00e9ress\u00e9(e) par un poste \u00e0 responsabilit\u00e9s, si la vente est votre passion et si vous<br \/>\nsouhaitez construire quelque chose, alors nous devrions faire connaissance ? Veuillez envoyer votre<br \/>\ncandidature \u00e0 l&rsquo;adresse suivante :<br \/>\npersonal@valbruna.ch<br \/>\nou<br \/>\nValbruna AG<br \/>\nPersonalabteilung<br \/>\nNeunburgstrasse 54<br \/>\n3282 Bargen<\/p>\n","protected":false},"excerpt":{"rendered":"<p>Commercial(e) en service interne et externe Pour nos succursales de [&hellip;]<\/p>\n","protected":false},"author":1,"featured_media":1543,"parent":0,"menu_order":0,"comment_status":"closed","ping_status":"closed","template":"template-content.php","meta":{"_acf_changed":false,"footnotes":""},"class_list":["post-1565","page","type-page","status-publish","has-post-thumbnail","hentry"],"acf":[],"_links":{"self":[{"href":"https:\/\/www.valbruna.ch\/fr\/wp-json\/wp\/v2\/pages\/1565","targetHints":{"allow":["GET"]}}],"collection":[{"href":"https:\/\/www.valbruna.ch\/fr\/wp-json\/wp\/v2\/pages"}],"about":[{"href":"https:\/\/www.valbruna.ch\/fr\/wp-json\/wp\/v2\/types\/page"}],"author":[{"embeddable":true,"href":"https:\/\/www.valbruna.ch\/fr\/wp-json\/wp\/v2\/users\/1"}],"replies":[{"embeddable":true,"href":"https:\/\/www.valbruna.ch\/fr\/wp-json\/wp\/v2\/comments?post=1565"}],"version-history":[{"count":3,"href":"https:\/\/www.valbruna.ch\/fr\/wp-json\/wp\/v2\/pages\/1565\/revisions"}],"predecessor-version":[{"id":1571,"href":"https:\/\/www.valbruna.ch\/fr\/wp-json\/wp\/v2\/pages\/1565\/revisions\/1571"}],"wp:featuredmedia":[{"embeddable":true,"href":"https:\/\/www.valbruna.ch\/fr\/wp-json\/wp\/v2\/media\/1543"}],"wp:attachment":[{"href":"https:\/\/www.valbruna.ch\/fr\/wp-json\/wp\/v2\/media?parent=1565"}],"curies":[{"name":"wp","href":"https:\/\/api.w.org\/{rel}","templated":true}]}}